{"id":1349,"date":"2020-08-08T15:04:12","date_gmt":"2020-08-08T15:04:12","guid":{"rendered":"http:\/\/peaceofcakeyoga.de\/?page_id=1349"},"modified":"2025-09-30T07:35:10","modified_gmt":"2025-09-30T07:35:10","slug":"colibri-wp","status":"publish","type":"page","link":"https:\/\/peaceofcakeyoga.de\/","title":{"rendered":"Front Page"},"content":{"rendered":"<div data-colibri-id=\"1349-c1\" class=\"style-193 style-local-1349-c1 position-relative\">\n  <!---->\n  <div data-colibri-component=\"section\" data-colibri-id=\"1349-c2\" id=\"header-new\" class=\"h-section h-section-global-spacing d-flex align-items-lg-center align-items-md-center align-items-center style-770 style-local-1349-c2 position-relative\">\n    <!---->\n    <!---->\n    <div class=\"h-section-grid-container h-section-boxed-container\">\n      <!---->\n      <div data-colibri-id=\"1349-c3\" class=\"h-row-container gutters-row-lg-2 gutters-row-md-2 gutters-row-0 gutters-row-v-lg-2 gutters-row-v-md-2 gutters-row-v-2 style-771 style-local-1349-c3 position-relative\">\n        <!---->\n        <div class=\"h-row justify-content-lg-center justify-content-md-center justify-content-center align-items-lg-stretch align-items-md-stretch align-items-stretch gutters-col-lg-2 gutters-col-md-2 gutters-col-0 gutters-col-v-lg-2 gutters-col-v-md-2 gutters-col-v-2\">\n          <!---->\n          <div class=\"h-column h-column-container d-flex h-col-lg-auto h-col-md-auto h-col-auto style-772-outer style-local-1349-c4-outer\">\n            <div data-colibri-id=\"1349-c4\" class=\"d-flex h-flex-basis h-column__inner h-px-lg-2 h-px-md-2 h-px-2 v-inner-lg-2 v-inner-md-2 v-inner-2 style-772 style-local-1349-c4 position-relative\">\n              <!---->\n              <!---->\n              <div class=\"w-100 h-y-container h-column__content h-column__v-align flex-basis-100 align-self-lg-start align-self-md-start align-self-start\">\n                <!---->\n                <div data-colibri-id=\"1349-c5\" class=\"h-text h-text-component style-774 style-local-1349-c5 position-relative h-element\">\n                  <!---->\n                  <!---->\n                  <div class=\"\">\n                    <p><span style=\"font-weight: 600; font-size: 37px; font-family: &quot;Open Sans&quot;; color: rgb(0, 0, 0);\">Willkommen bei Sabine Blessing<\/span>\n                      <br>\n                    <\/p>\n                  <\/div>\n                <\/div>\n              <\/div>\n            <\/div>\n          <\/div>\n        <\/div>\n      <\/div>\n    <\/div>\n  <\/div>\n  <div data-colibri-component=\"section\" data-colibri-id=\"1349-c6\" id=\"sabine\" class=\"h-section h-section-global-spacing d-flex align-items-lg-center align-items-md-center align-items-center style-903 style-local-1349-c6 position-relative\">\n    <!---->\n    <!---->\n    <div class=\"h-section-grid-container h-section-boxed-container\">\n      <!---->\n      <div data-colibri-id=\"1349-c7\" class=\"h-row-container gutters-row-lg-2 gutters-row-md-2 gutters-row-0 gutters-row-v-lg-2 gutters-row-v-md-2 gutters-row-v-2 style-904 style-local-1349-c7 position-relative\">\n        <!---->\n        <div class=\"h-row justify-content-lg-center justify-content-md-center justify-content-center align-items-lg-stretch align-items-md-stretch align-items-stretch gutters-col-lg-2 gutters-col-md-2 gutters-col-0 gutters-col-v-lg-2 gutters-col-v-md-2 gutters-col-v-2\">\n          <!---->\n          <div class=\"h-column h-column-container d-flex h-col-lg-auto h-col-md-auto h-col-auto style-905-outer style-local-1349-c8-outer\">\n            <div data-colibri-id=\"1349-c8\" class=\"d-flex h-flex-basis h-column__inner h-px-lg-2 h-px-md-2 h-px-2 v-inner-lg-2 v-inner-md-2 v-inner-2 style-905 style-local-1349-c8 position-relative\">\n              <!---->\n              <!---->\n              <div class=\"w-100 h-y-container h-column__content h-column__v-align flex-basis-100 align-self-lg-start align-self-md-start align-self-start\">\n                <!---->\n                <div data-colibri-id=\"1349-c9\" class=\"d-block style-907 style-local-1349-c9 position-relative h-element\">\n                  <!---->\n                  <div class=\"h-image__frame-container-outer\">\n                    <div class=\"h-image__frame-container\">\n                      <!---->\n                      <!---->\n                      <img loading=\"lazy\" decoding=\"async\" width=\"1808\" height=\"1811\" src=\"http:\/\/peaceofcakeyoga.de\/wp-content\/uploads\/2024\/09\/cropped-IMG_9846-scaled-2.jpg\" class=\"wp-image-12993 style-907-image style-local-1349-c9-image\" alt=\"\" srcset=\"https:\/\/peaceofcakeyoga.de\/wp-content\/uploads\/2024\/09\/cropped-IMG_9846-scaled-2.jpg 1808w, https:\/\/peaceofcakeyoga.de\/wp-content\/uploads\/2024\/09\/cropped-IMG_9846-scaled-2-300x300.jpg 300w, https:\/\/peaceofcakeyoga.de\/wp-content\/uploads\/2024\/09\/cropped-IMG_9846-scaled-2-1022x1024.jpg 1022w, https:\/\/peaceofcakeyoga.de\/wp-content\/uploads\/2024\/09\/cropped-IMG_9846-scaled-2-150x150.jpg 150w, https:\/\/peaceofcakeyoga.de\/wp-content\/uploads\/2024\/09\/cropped-IMG_9846-scaled-2-768x769.jpg 768w, https:\/\/peaceofcakeyoga.de\/wp-content\/uploads\/2024\/09\/cropped-IMG_9846-scaled-2-1533x1536.jpg 1533w\" sizes=\"auto, (max-width: 1808px) 100vw, 1808px\" \/>\n                      <div class=\"h-image__frame h-hide-lg h-hide-md h-hide-sm style-907-frameImage style-local-1349-c9-frameImage\"><\/div>\n                    <\/div>\n                  <\/div>\n                <\/div>\n              <\/div>\n            <\/div>\n          <\/div>\n          <div class=\"h-column h-column-container d-flex h-col-lg-auto h-col-md-auto h-col-auto style-906-outer style-local-1349-c10-outer\">\n            <div data-colibri-id=\"1349-c10\" class=\"d-flex h-flex-basis h-column__inner h-px-lg-2 h-px-md-2 h-px-2 v-inner-lg-2 v-inner-md-2 v-inner-2 style-906 style-local-1349-c10 position-relative\">\n              <!---->\n              <!---->\n              <div class=\"w-100 h-y-container h-column__content h-column__v-align flex-basis-100 align-self-lg-start align-self-md-start align-self-start\">\n                <!---->\n                <div data-colibri-id=\"1349-c11\" class=\"h-text h-text-component style-908 style-local-1349-c11 position-relative h-element\">\n                  <!---->\n                  <!---->\n                  <div class=\"\">\n                    <p><span style=\"color: rgb(0, 0, 0); font-family: &quot;Open Sans&quot;; font-size: medium;\">Hallo! Sch\u00f6n, dass du meine Website gefunden hast!<br><br>Mein Name ist Sabine Blessing. Ich bin 45 Jahre alt, komme aus dem Zillertal und lebe mit meiner Familie in Erding.<br><br>Ich praktiziere seit 14 Jahren Yoga. Seit 8 Jahren arbeite ich als Yogalehrerin. 2019 habe ich meine Ausbildung zur Kinderyogalehrerin gemacht. Danach kamen noch weitere Qualifikationen als HIIT The Beat<\/span>\n                      <span\n                        style=\"color: rgb(77, 81, 86); font-family: Arial, sans-serif; font-size: 14px;\">\u00ae&nbsp;<\/span><span style=\"color: rgb(0, 0, 0); font-family: &quot;Open Sans&quot;; font-size: medium;\">by Breakletics Trainerin (2020), Pilates Trainerin \/ Wirbels\u00e4ulentrainerin \/ Aqua Fitness Trainerin (alle 2023) und zuletzt Lauftrainerin (2024) dazu.<br><br>Ich liebe es, gemeinsam mit anderen Menschen zu trainieren \u2013 sei es beim Yoga, Pilates, R\u00fcckenFit oder in intensiven Einheiten wie HIIT.&nbsp;Auch ruhige und entspannende Elemente wie Yin Yoga, Atem\u00fcbungen und Meditation finden in meinen Stunden ihren Platz.&nbsp;Ich kombiniere sehr gerne unterschiedliche Intensit\u00e4tsstufen: f\u00fcr Fitness&nbsp;UND Wohlbefinden.<br><br>Ich berate dich gerne, welches Training f\u00fcr dich am besten passen k\u00f6nnte. <br>Schreib mir gerne eine  e-Mail &nbsp;an Sabine@peaceofcakeyoga.de<\/span>\n                        <br><span style=\"font-size: medium; font-family: &quot;Open Sans&quot;; color: rgb(0, 0, 0);\"><br>Lass uns zusammen deine ideale Kombi f\u00fcr K\u00f6rper, Geist und Seele finden.<\/span>\n                        <br>\n                    <\/p>\n                  <\/div>\n                <\/div>\n              <\/div>\n            <\/div>\n          <\/div>\n        <\/div>\n      <\/div>\n    <\/div>\n  <\/div>\n  <div data-colibri-component=\"section\" data-colibri-id=\"1349-c18\" id=\"impressum-2\" class=\"h-section h-section-global-spacing d-flex align-items-lg-center align-items-md-center align-items-center style-527 style-local-1349-c18 position-relative\">\n    <!---->\n    <!---->\n    <div class=\"h-section-grid-container h-section-boxed-container\">\n      <!---->\n      <div data-colibri-id=\"1349-c19\" class=\"h-row-container gutters-row-lg-2 gutters-row-md-2 gutters-row-0 gutters-row-v-lg-2 gutters-row-v-md-2 gutters-row-v-2 style-528 style-local-1349-c19 position-relative\">\n        <!---->\n        <div class=\"h-row justify-content-lg-center justify-content-md-center justify-content-center align-items-lg-stretch align-items-md-stretch align-items-stretch gutters-col-lg-2 gutters-col-md-2 gutters-col-0 gutters-col-v-lg-2 gutters-col-v-md-2 gutters-col-v-2\">\n          <!---->\n          <div class=\"h-column h-column-container d-flex h-col-lg-auto h-col-md-auto h-col-auto style-529-outer style-local-1349-c20-outer\">\n            <div data-colibri-id=\"1349-c20\" class=\"d-flex h-flex-basis h-column__inner h-px-lg-2 h-px-md-2 h-px-2 v-inner-lg-2 v-inner-md-2 v-inner-2 style-529 style-local-1349-c20 position-relative\">\n              <!---->\n              <!---->\n              <div class=\"w-100 h-y-container h-column__content h-column__v-align flex-basis-100 align-self-lg-start align-self-md-start align-self-start\">\n                <!---->\n                <div data-colibri-id=\"1349-c21\" class=\"h-text h-text-component style-530 style-local-1349-c21 position-relative h-element\">\n                  <!---->\n                  <!---->\n                  <div class=\"\">\n                    <p><strong>KONTAKT<br><br>Sabine Blessing<\/strong>\n                      <br>Peace of Cake Yoga\n                      <br><strong style=\"font-size: 16px; font-family: &quot;Open Sans&quot;; color: rgb(0, 0, 0);\">Instagram <span style=\"font-weight: bold; display: inline\"><\/span><\/strong><span style=\"font-size: 16px; font-family: &quot;Open Sans&quot;; color: rgb(0, 0, 0);\">sabine__blessing<\/span><strong><br>e-Mail&nbsp;<\/strong>Sabine@peaceofcakeyoga.de\n                      <br><strong>Website&nbsp;<\/strong>www.peaceofcakeyoga.de<\/p>\n                    <p>Ust-IdNr DE249298412\n                      <br>Kleinunternehmerin gem\u00e4\u00df \u00a7 19 UstG\n                      <br>\n                    <\/p>\n                  <\/div>\n                <\/div>\n              <\/div>\n            <\/div>\n          <\/div>\n        <\/div>\n      <\/div>\n    <\/div>\n  <\/div>\n  <div data-colibri-component=\"section\" data-colibri-id=\"1349-c22\" id=\"datenschutz\" class=\"h-section h-section-global-spacing d-flex align-items-lg-center align-items-md-center align-items-center style-417 style-local-1349-c22 position-relative\">\n    <!---->\n    <!---->\n    <div class=\"h-section-grid-container h-section-boxed-container\">\n      <!---->\n      <div data-colibri-id=\"1349-c23\" class=\"h-row-container gutters-row-lg-2 gutters-row-md-2 gutters-row-0 gutters-row-v-lg-2 gutters-row-v-md-2 gutters-row-v-2 style-418 style-local-1349-c23 position-relative\">\n        <!---->\n        <div class=\"h-row justify-content-lg-center justify-content-md-center justify-content-center align-items-lg-stretch align-items-md-stretch align-items-stretch gutters-col-lg-2 gutters-col-md-2 gutters-col-0 gutters-col-v-lg-2 gutters-col-v-md-2 gutters-col-v-2\">\n          <!---->\n          <div class=\"h-column h-column-container d-flex h-col-lg-auto h-col-md-auto h-col-auto style-419-outer style-local-1349-c24-outer\">\n            <div data-colibri-id=\"1349-c24\" class=\"d-flex h-flex-basis h-column__inner h-px-lg-2 h-px-md-2 h-px-2 v-inner-lg-2 v-inner-md-2 v-inner-2 style-419 style-local-1349-c24 position-relative\">\n              <!---->\n              <!---->\n              <div class=\"w-100 h-y-container h-column__content h-column__v-align flex-basis-100 align-self-lg-start align-self-md-start align-self-start\">\n                <!---->\n                <div data-colibri-id=\"1349-c25\" class=\"h-text h-text-component style-420 style-local-1349-c25 position-relative h-element\">\n                  <!---->\n                  <!---->\n                  <div class=\"\">\n                    <p>Datenschutzerkl\u00e4rung<\/p>\n                    <p>Einleitung und allgemeine Angaben<\/p>\n                    <p>Vielen Dank fu\u0308r Ihr Interesse an meiner Website. Der Schutz Ihrer personenbezogenen Daten ist mir ein sehr wichtiges Anliegen. Im Folgenden finden Sie Informationen zum Umgang mit Ihren Daten, die durch Ihre Nutzung meiner Website\n                      erfasst werden. Die Verarbeitung Ihrer Daten erfolgt entsprechend den gesetzlichen Regelungen zum Datenschutz.<\/p>\n                    <p>Verantwortliche Stelle im Sinne des Datenschutzrechts\n                      <br>Peace of Cake Yoga\n                      <br>Sabine (at) peaceofcakeyoga . de\n                      <br>+49 \/ (0)170 \/ 38 11 3 11<\/p>\n                    <p>Begriffsbestimmungen<\/p>\n                    <p>Diese Datenschutzerkl\u00e4rung soll einfach und verst\u00e4ndlich sein. Es werden in der Regel die offiziellen Begriffe der Datenschutzgrundverordnung (DSGVO) verwendet. Die offiziellen Begriffsbestimmungen werden in Art. 4 DSGVO erl\u00e4utert.<\/p>\n                    <p>Datenverarbeitung durch den Besuch unserer Website<\/p>\n                    <p>Wenn Sie meine Webseiten aufrufen, ist es technisch notwendig, dass u\u0308ber Ihren Internetbrowser Daten an den Webserver u\u0308bermittelt werden. Folgende Daten werden w\u00e4hrend einer laufenden Verbindung zur Kommunikation zwischen Ihrem Internetbrowser\n                      und dem Webserver aufgezeichnet:<\/p>\n                    <p>&#8211; Datum und Uhrzeit der Anforderung\n                      <br>&#8211; Name der angeforderten Datei\n                      <br>&#8211; Seite, von der aus die Datei angefordert wurde\n                      <br>&#8211; Zugriffsstatus\n                      <br>&#8211; Verwendeter Webbrowser und verwendetes Betriebssystem\n                      <br>&#8211; (Vollst\u00e4ndige) IP-Adresse des anfordernden Rechners\n                      <br>&#8211; \u00dcbertragene Datenmenge<\/p>\n                    <p>Die aufgelisteten Daten werden erhoben, um einen reibungslosen Verbindungsaufbau der Website zu gew\u00e4hrleisten und eine komfortable Nutzung der Website durch die Nutzer zu erm\u00f6glichen. Zudem dient die Logdatei der Auswertung der Systemsicherheit\n                      und -stabilit\u00e4t sowie administrativen Zwecken. Rechtsgrundlage fu\u0308r die voru\u0308bergehende Speicherung der Daten bzw. der Logfiles ist Art. 6 Abs. 1 lit. f DSGVO.<\/p>\n                    <p>Datenweitergabe und Empf\u00e4nger<\/p>\n                    <p>Eine \u00dcbermittlung Ihrer personenbezogenen Daten an Dritte findet nicht statt, au\u00dfer\n                      <br>&#8211; wenn in der Beschreibung der jeweiligen Datenverarbeitung explizit darauf hingewiesen wurde.\n                      <br>&#8211; wenn Sie ausdr\u00fcckliche Einwilligung nach Art. 6 Abs. 1 S. 1 lit. a DSGVO dazu erteilt haben,\n                      <br>&#8211; die Weitergabe nach Art. 6 Abs. 1 S. 1 lit. f DSGVO zur Geltendmachung, Aus\u00fcbung oder Verteidigung von Rechtsanspr\u00fcchen erforderlich ist und kein Grund zur Annahme besteht, dass Sie ein \u00fcberwiegendes schutzw\u00fcrdiges Interesse an\n                      der Nichtweitergabe Ihrer Daten haben,\n                      <br>&#8211; im Falle, dass f\u00fcr die Weitergabe nach Art. 6 Abs. 1 S. 1 lit. c DSGVO eine gesetzliche Verpflichtung besteht und\n                      <br>&#8211; soweit dies nach Art. 6 Abs. 1 S. 1 lit. b DSGVO f\u00fcr die Abwicklung von Vertragsverh\u00e4ltnissen mit Ihnen erforderlich ist.<\/p>\n                    <p>Ich nutze fu\u0308r die Abwicklung unserer Services externe Dienstleister, die sorgf\u00e4ltig ausgew\u00e4hlt wurden. Diese sind Dienstleister fu\u0308r das Webhosting, den Versand von e-Mails sowie Wartung und Pflege unserer IT-Systemen. Die Dienstleister\n                      werden diese Daten nicht an Dritte weitergeben.<\/p>\n                    <p>Datensicherheit<\/p>\n                    <p>Ich treffe nach Ma\u00dfgabe des Art. 32 DSGVO unter Beru\u0308cksichtigung des Stands der Technik, der Implementierungskosten und der Art, des Umfangs, der Umst\u00e4nde und der Zwecke der Verarbeitung sowie der unterschiedlichen Eintrittswahrscheinlichkeit\n                      und Schwere des Risikos fu\u0308r die Rechte und Freiheiten natu\u0308rlicher Personen, geeignete technische und organisatorische Ma\u00dfnahmen, um ein dem Risiko angemessenes Schutzniveau zu gew\u00e4hrleisten. Diese Webseite nutzt aus Gru\u0308nden der\n                      Sicherheit und zum Schutz der \u00dcbertragung vertraulicher Inhalte eine SSL-Verschlu\u0308sselung.<\/p>\n                    <p>\n                      <br>Dauer der Speicherung personenbezogener Daten<\/p>\n                    <p>Die Dauer der Speicherung von personenbezogenen Daten bemisst sich an den einschl\u00e4gigen gesetzlichen Aufbewahrungsfristen (z. B. aus dem Handelsrecht und dem Steuerrecht). Nach Ablauf der jeweiligen Frist werden die entsprechenden\n                      Daten gel\u00f6scht. Sofern Daten zur Vertragserfu\u0308llung oder Vertragsanbahnung erforderlich sind oder ein berechtigtes Interesse an der Weiterspeicherung besteht, werden die Daten gel\u00f6scht, wenn Sie zu diesen Zwecken nicht mehr erforderlich\n                      sind oder Sie von Ihrem Widerrufs- oder Widerspruchsrecht Gebrauch gemacht machen.<\/p>\n                    <p>\n                      <br>Ihre Rechte<\/p>\n                    <p>Im Folgenden finden Sie Informationen dazu, welche Betroffenenrechte das geltende Datenschutzrecht Ihnen gegenu\u0308ber dem Verantwortlichen hinsichtlich der Verarbeitung Ihrer personenbezogenen Daten gew\u00e4hrt:<\/p>\n                    <p>Das Recht, gem Art. 15 DSGVO Auskunft u\u0308ber Ihre von mir verarbeiteten personenbezogenen Daten zu verlangen. Insbesondere k\u00f6nnen Sie Auskunft u\u0308ber die Verarbeitungszwecke, die Kategorie der personenbezogenen Daten, die Kategorien\n                      von Empf\u00e4ngern, gegenu\u0308ber denen Ihre Daten offengelegt wurden oder werden, die geplante Speicherdauer, das Bestehen eines Rechts auf Berichtigung, L\u00f6schung, Einschr\u00e4nkung der Verarbeitung oder Widerspruch, das Bestehen eines Beschwerderechts,\n                      die Herkunft ihrer Daten, sofern diese nicht bei mir erhoben wurden, sowie u\u0308ber das Bestehen einer automatisierten Entscheidungsfindung einschlie\u00dflich Profiling und ggf. aussagekr\u00e4ftigen Informationen zu deren Einzelheiten verlangen.<\/p>\n                    <p>Das Recht, gem Art. 16 DSGVO unverzu\u0308glich die Berichtigung unrichtiger oder Vervollst\u00e4ndigung Ihrer bei mir gespeicherten personenbezogenen Daten zu verlangen.<\/p>\n                    <p>Das Recht, gem Art. 17 DSGVO die L\u00f6schung Ihrer bei mir gespeicherten personenbezogenen Daten zu verlangen, soweit nicht die Verarbeitung zur Ausu\u0308bung des Rechts auf freie Meinungs\u00e4u\u00dferung und Information, zur Erfu\u0308llung einer rechtlichen\n                      Verpflichtung, aus Gru\u0308nden des \u00f6ffentlichen Interesses oder zur Geltendmachung, Ausu\u0308bung oder Verteidigung von Rechtsanspru\u0308chen erforderlich ist.<\/p>\n                    <p>Das Recht, gem Art. 18 DSGVO die Einschr\u00e4nkung der Verarbeitung Ihrer personenbezogenen Daten zu verlangen, soweit die Richtigkeit der Daten von Ihnen bestritten wird, die Verarbeitung unrechtm\u00e4\u00dfig ist, Sie aber deren L\u00f6schung ablehnen\n                      und ich die Daten nicht mehr ben\u00f6tigen, Sie jedoch diese zur Geltendmachung, Aus\u00fcbung oder Verteidigung von Rechtsanspr\u00fcchen ben\u00f6tigen oder Sie gem Art. 21 DSGVO Widerspruch gegen die Verarbeitung eingelegt haben.<\/p>\n                    <p>Das Recht, gem Art. 20 DSGVO Ihre personenbezogenen Daten, die Sie mir bereitgestellt haben, in einem strukturierten, g\u00e4ngigen und maschinenlesebaren Format zu erhalten oder die \u00dcbermittlung an einen anderen Verantwortlichen zu verlangen.<\/p>\n                    <p>Das Recht, sich gem Art. 77 DSGVO bei einer Aufsichtsbeh\u00f6rde zu beschweren. In der Regel k\u00f6nnen Sie sich hierfu\u0308r an die Aufsichtsbeh\u00f6rde des Bundeslandes unseres oben angegebenen Sitzes oder ggf. die Ihres u\u0308blichen Aufenthaltsortes\n                      oder Arbeitsplatzes wenden.<\/p>\n                    <p>Recht auf Widerruf erteilter Einwilligungen gem Art. 7 Abs. 3 DSGVO: Sie haben das Recht, eine einmal erteilte Einwilligung in die Verarbeitung von Daten jederzeit mit Wirkung fu\u0308r die Zukunft zu widerrufen. Im Falle des Widerrufs\n                      werde ich die betroffenen Daten unverzu\u0308glich l\u00f6schen, sofern eine weitere Verarbeitung nicht auf eine Rechtsgrundlage zur einwilligungslosen Verarbeitung gestu\u0308tzt werden kann. Durch den Widerruf der Einwilligung wird die Rechtm\u00e4\u00dfigkeit\n                      der aufgrund der Einwilligung bis zum Widerruf erfolgten Verarbeitung nicht beru\u0308hrt.<\/p>\n                    <p>Widerspruchsrecht<\/p>\n                    <p>Sofern Ihre personenbezogenen Daten von mir auf Grundlage von berechtigten Interessen gem Art. 6 Abs. 1 S. 1 lit. f DSGVO verarbeitet werden, haben Sie gem Art. 21 DSGVO das Recht, Widerspruch gegen die Verarbeitung Ihrer personenbezogenen\n                      Daten einzulegen, soweit dies aus Gru\u0308nde erfolgt, die sich aus Ihrer besonderen Situation ergeben. Soweit sich der Widerspruch gegen die Verarbeitung personenbezogener Daten zum Zwecke von Direktwerbung richtet, haben Sie ein generelles\n                      Widerspruchsrecht ohne das Erfordernis der Angabe einer besonderen Situation.&nbsp;M\u00f6chten Sie von Ihrem Widerrufs- oder Widerspruchsrecht Gebrauch machen, genu\u0308gt eine e-Mail an Sabine@peaceofcakeyoga.de<\/p>\n                    <p>\n                      <br>Externe Verlinkungen<\/p>\n                    <p>Soziale Netzwerke (Instagram etc.) sind auf unserer Webseite lediglich als Link zu den entsprechenden Diensten eingebunden. Nach dem Anklicken des eingebundenen Text-\/Bild-Links werden Sie auf die Seite des jeweiligen Anbieters weitergeleitet.\n                      Erst nach der Weiterleitung werden Nutzerinformationen an den jeweiligen Anbieter \u00fcbertragen. Informationen zum Umgang mit Ihren personenbezogenen Daten bei Nutzung dieser Webseiten entnehmen Sie bitte den jeweiligen Datenschutzbestimmungen\n                      der von Ihnen genutzten Anbieter.<\/p>\n                    <p>\u00c4nderungsvorbehalt<\/p>\n                    <p>Ich behalte mir vor, diese Datenschutzerkl\u00e4rung erforderlichenfalls unter Beachtung der geltenden Datenschutzvorschriften anzupassen bzw. zu aktualisieren. Auf diese Weise kann ich sie den aktuellen rechtlichen Anforderungen anpassen\n                      und \u00c4nderungen unserer Leistungen beru\u0308cksichtigen, z. B. bei der Einfu\u0308hrung neuer Services. Fu\u0308r Ihren Besuch gilt die jeweils aktuellste Fassung.<\/p>\n                    <p>Diese Datenschutzerkl\u00e4rung wurde erstellt mit Hilfe von www.datenschutzexperte.de<\/p>\n                    <p>Stand dieser Datenschutzerkl\u00e4rung: 21.2.2022<\/p>\n                  <\/div>\n                <\/div>\n              <\/div>\n            <\/div>\n          <\/div>\n        <\/div>\n      <\/div>\n    <\/div>\n  <\/div>\n<\/div>","protected":false},"excerpt":{"rendered":"<p>Willkommen bei Sabine Blessing Hallo! Sch\u00f6n, dass du meine Website gefunden hast!Mein Name ist Sabine Blessing. Ich bin 45 Jahre alt, komme aus dem Zillertal und lebe mit meiner Familie in Erding.Ich praktiziere seit 14 Jahren Yoga. Seit 8 Jahren arbeite ich als Yogalehrerin. 2019 habe ich meine Ausbildung zur Kinderyogalehrerin gemacht. Danach kamen noch [&hellip;]<\/p>\n","protected":false},"author":1,"featured_media":0,"parent":0,"menu_order":0,"comment_status":"closed","ping_status":"closed","template":"page-templates\/homepage.php","meta":{"footnotes":""},"class_list":["post-1349","page","type-page","status-publish","hentry"],"_links":{"self":[{"href":"https:\/\/peaceofcakeyoga.de\/index.php?rest_route=\/wp\/v2\/pages\/1349","targetHints":{"allow":["GET"]}}],"collection":[{"href":"https:\/\/peaceofcakeyoga.de\/index.php?rest_route=\/wp\/v2\/pages"}],"about":[{"href":"https:\/\/peaceofcakeyoga.de\/index.php?rest_route=\/wp\/v2\/types\/page"}],"author":[{"embeddable":true,"href":"https:\/\/peaceofcakeyoga.de\/index.php?rest_route=\/wp\/v2\/users\/1"}],"replies":[{"embeddable":true,"href":"https:\/\/peaceofcakeyoga.de\/index.php?rest_route=%2Fwp%2Fv2%2Fcomments&post=1349"}],"version-history":[{"count":20,"href":"https:\/\/peaceofcakeyoga.de\/index.php?rest_route=\/wp\/v2\/pages\/1349\/revisions"}],"predecessor-version":[{"id":13874,"href":"https:\/\/peaceofcakeyoga.de\/index.php?rest_route=\/wp\/v2\/pages\/1349\/revisions\/13874"}],"wp:attachment":[{"href":"https:\/\/peaceofcakeyoga.de\/index.php?rest_route=%2Fwp%2Fv2%2Fmedia&parent=1349"}],"curies":[{"name":"wp","href":"https:\/\/api.w.org\/{rel}","templated":true}]}}